{"id":3020,"date":"2025-01-24T11:07:50","date_gmt":"2025-01-24T11:07:50","guid":{"rendered":"https:\/\/smartnest.md\/?post_type=product&#038;p=3020"},"modified":"2025-01-24T11:07:51","modified_gmt":"2025-01-24T11:07:51","slug":"priza-cu-rama-din-sticla","status":"publish","type":"product","link":"https:\/\/smartnest.md\/?product=priza-cu-rama-din-sticla","title":{"rendered":"Priz\u0103 cu ram\u0103 din sticl\u0103"},"content":{"rendered":"<p>Priz\u0103 neagr\u0103 cu design personalizat rama din sticl\u0103<\/p>\n","protected":false},"excerpt":{"rendered":"<p>Priz\u0103 neagr\u0103 cu design personalizat rama din sticl\u0103<\/p>\n","protected":false},"featured_media":3022,"comment_status":"open","ping_status":"closed","template":"","meta":[],"product_brand":[],"product_cat":[141,143],"product_tag":[],"class_list":{"0":"post-3020","1":"product","2":"type-product","3":"status-publish","4":"has-post-thumbnail","6":"product_cat-electricitate","7":"product_cat-prize","9":"first","10":"instock","11":"shipping-taxable","12":"purchasable","13":"product-type-simple"},"_links":{"self":[{"href":"https:\/\/smartnest.md\/index.php?rest_route=\/wp\/v2\/product\/3020","targetHints":{"allow":["GET"]}}],"collection":[{"href":"https:\/\/smartnest.md\/index.php?rest_route=\/wp\/v2\/product"}],"about":[{"href":"https:\/\/smartnest.md\/index.php?rest_route=\/wp\/v2\/types\/product"}],"replies":[{"embeddable":true,"href":"https:\/\/smartnest.md\/index.php?rest_route=%2Fwp%2Fv2%2Fcomments&post=3020"}],"wp:featuredmedia":[{"embeddable":true,"href":"https:\/\/smartnest.md\/index.php?rest_route=\/wp\/v2\/media\/3022"}],"wp:attachment":[{"href":"https:\/\/smartnest.md\/index.php?rest_route=%2Fwp%2Fv2%2Fmedia&parent=3020"}],"wp:term":[{"taxonomy":"product_brand","embeddable":true,"href":"https:\/\/smartnest.md\/index.php?rest_route=%2Fwp%2Fv2%2Fproduct_brand&post=3020"},{"taxonomy":"product_cat","embeddable":true,"href":"https:\/\/smartnest.md\/index.php?rest_route=%2Fwp%2Fv2%2Fproduct_cat&post=3020"},{"taxonomy":"product_tag","embeddable":true,"href":"https:\/\/smartnest.md\/index.php?rest_route=%2Fwp%2Fv2%2Fproduct_tag&post=3020"}],"curies":[{"name":"wp","href":"https:\/\/api.w.org\/{rel}","templated":true}]}}