{"id":3003,"date":"2025-01-23T13:46:54","date_gmt":"2025-01-23T13:46:54","guid":{"rendered":"https:\/\/smartnest.md\/?post_type=product&#038;p=3003"},"modified":"2025-01-28T12:38:12","modified_gmt":"2025-01-28T12:38:12","slug":"masa-de-bucatarie","status":"publish","type":"product","link":"https:\/\/smartnest.md\/?product=masa-de-bucatarie","title":{"rendered":"Masa de buc\u0103t\u0103rie din Ceramica si Fier Negru"},"content":{"rendered":"<p>Mas\u0103 de buc\u0103t\u0103rie cu dimensiunile de 135 cm pe 75 cm<\/p>\n","protected":false},"excerpt":{"rendered":"<p>Mas\u0103 de buc\u0103t\u0103rie cu dimensiunile de 135 cm pe 75 cm<\/p>\n","protected":false},"featured_media":3102,"comment_status":"open","ping_status":"closed","template":"","meta":[],"product_brand":[],"product_cat":[136,130],"product_tag":[],"class_list":{"0":"post-3003","1":"product","2":"type-product","3":"status-publish","4":"has-post-thumbnail","6":"product_cat-masa-pentru-bucatarie","7":"product_cat-mobila","9":"first","10":"instock","11":"shipping-taxable","12":"purchasable","13":"product-type-simple"},"_links":{"self":[{"href":"https:\/\/smartnest.md\/index.php?rest_route=\/wp\/v2\/product\/3003","targetHints":{"allow":["GET"]}}],"collection":[{"href":"https:\/\/smartnest.md\/index.php?rest_route=\/wp\/v2\/product"}],"about":[{"href":"https:\/\/smartnest.md\/index.php?rest_route=\/wp\/v2\/types\/product"}],"replies":[{"embeddable":true,"href":"https:\/\/smartnest.md\/index.php?rest_route=%2Fwp%2Fv2%2Fcomments&post=3003"}],"wp:featuredmedia":[{"embeddable":true,"href":"https:\/\/smartnest.md\/index.php?rest_route=\/wp\/v2\/media\/3102"}],"wp:attachment":[{"href":"https:\/\/smartnest.md\/index.php?rest_route=%2Fwp%2Fv2%2Fmedia&parent=3003"}],"wp:term":[{"taxonomy":"product_brand","embeddable":true,"href":"https:\/\/smartnest.md\/index.php?rest_route=%2Fwp%2Fv2%2Fproduct_brand&post=3003"},{"taxonomy":"product_cat","embeddable":true,"href":"https:\/\/smartnest.md\/index.php?rest_route=%2Fwp%2Fv2%2Fproduct_cat&post=3003"},{"taxonomy":"product_tag","embeddable":true,"href":"https:\/\/smartnest.md\/index.php?rest_route=%2Fwp%2Fv2%2Fproduct_tag&post=3003"}],"curies":[{"name":"wp","href":"https:\/\/api.w.org\/{rel}","templated":true}]}}