{"id":3001,"date":"2025-01-23T12:55:20","date_gmt":"2025-01-23T12:55:20","guid":{"rendered":"https:\/\/smartnest.md\/?post_type=product&#038;p=3001"},"modified":"2025-01-27T13:33:07","modified_gmt":"2025-01-27T13:33:07","slug":"masa-de-machiat","status":"publish","type":"product","link":"https:\/\/smartnest.md\/?product=masa-de-machiat","title":{"rendered":"Mas\u0103 de machiat"},"content":{"rendered":"<p>M\u0103su\u021b\u0103 de machiat cu oglind\u0103 si sc\u0103unel .Blatul mesei este din cermaic\u0103.<\/p>\n<p>Oglinda are iluminare led cu 3 culori de lumin\u0103(rece,cald\u0103,neutr\u0103)<\/p>\n","protected":false},"excerpt":{"rendered":"<p>M\u0103su\u021b\u0103 de machiat cu oglind\u0103 si sc\u0103unel .Blatul mesei este din cermaic\u0103. Oglinda are iluminare led cu 3 culori de lumin\u0103(rece,cald\u0103,neutr\u0103)<\/p>\n","protected":false},"featured_media":3002,"comment_status":"open","ping_status":"closed","template":"","meta":[],"product_brand":[],"product_cat":[133,130],"product_tag":[148],"class_list":{"0":"post-3001","1":"product","2":"type-product","3":"status-publish","4":"has-post-thumbnail","6":"product_cat-masute-de-machiat","7":"product_cat-mobila","8":"product_tag-wood","10":"first","11":"instock","12":"shipping-taxable","13":"purchasable","14":"product-type-simple"},"_links":{"self":[{"href":"https:\/\/smartnest.md\/index.php?rest_route=\/wp\/v2\/product\/3001","targetHints":{"allow":["GET"]}}],"collection":[{"href":"https:\/\/smartnest.md\/index.php?rest_route=\/wp\/v2\/product"}],"about":[{"href":"https:\/\/smartnest.md\/index.php?rest_route=\/wp\/v2\/types\/product"}],"replies":[{"embeddable":true,"href":"https:\/\/smartnest.md\/index.php?rest_route=%2Fwp%2Fv2%2Fcomments&post=3001"}],"wp:featuredmedia":[{"embeddable":true,"href":"https:\/\/smartnest.md\/index.php?rest_route=\/wp\/v2\/media\/3002"}],"wp:attachment":[{"href":"https:\/\/smartnest.md\/index.php?rest_route=%2Fwp%2Fv2%2Fmedia&parent=3001"}],"wp:term":[{"taxonomy":"product_brand","embeddable":true,"href":"https:\/\/smartnest.md\/index.php?rest_route=%2Fwp%2Fv2%2Fproduct_brand&post=3001"},{"taxonomy":"product_cat","embeddable":true,"href":"https:\/\/smartnest.md\/index.php?rest_route=%2Fwp%2Fv2%2Fproduct_cat&post=3001"},{"taxonomy":"product_tag","embeddable":true,"href":"https:\/\/smartnest.md\/index.php?rest_route=%2Fwp%2Fv2%2Fproduct_tag&post=3001"}],"curies":[{"name":"wp","href":"https:\/\/api.w.org\/{rel}","templated":true}]}}